{"id":1883,"date":"2019-04-26T11:00:55","date_gmt":"2019-04-26T11:00:55","guid":{"rendered":"https:\/\/dev.zoeppritz.com\/en\/product\/eden-kastchenstruktur-cream\/"},"modified":"2023-05-23T03:45:13","modified_gmt":"2023-05-23T03:45:13","slug":"eden-kastchenstruktur-cream-towels","status":"publish","type":"product","link":"https:\/\/dev.zoeppritz.com\/en\/product\/eden-kastchenstruktur-cream-towels","title":{"rendered":"Eden K\u00e4stchenstruktur"},"content":{"rendered":"","protected":false},"excerpt":{"rendered":"<p>EDEN K\u00c4STCHENSTRUKTUR by m\u00f6ve is puristic and elegant: the eye-catching design and structure is due to the black natural weft yarn with square-shaped structure. The towel series is woven from a material mix of fine natural cotton and linen. The very high grammage of 560g\/sqm makes the towels handy; but at the same time light, highly absorbent and soft. All sides show a thin black closing. EDEN K\u00c4STCHENSTRUKTUR is available as hand towel and bath towel.<\/p>\n","protected":false},"featured_media":3488,"template":"","meta":{"_acf_changed":false},"product_cat":[248],"product_tag":[1805,841,1810,840,1658,1730],"acf":[],"yoast_head":"<!-- This site is optimized with the Yoast SEO Premium plugin v21.7 (Yoast SEO v21.7) - https:\/\/yoast.com\/wordpress\/plugins\/seo\/ -->\n<title>Eden K\u00e4stchenstruktur - zoeppritz since 1828<\/title>\n<meta name=\"robots\" content=\"index, follow, max-snippet:-1, max-image-preview:large, max-video-preview:-1\" \/>\n<link rel=\"canonical\" href=\"https:\/\/dev.zoeppritz.com\/en\/product\/eden-kastchenstruktur-cream-towels\" \/>\n<meta property=\"og:locale\" content=\"en_US\" \/>\n<meta property=\"og:type\" content=\"article\" \/>\n<meta property=\"og:title\" content=\"Eden K\u00e4stchenstruktur\" \/>\n<meta property=\"og:description\" content=\"EDEN K\u00c4STCHENSTRUKTUR by m\u00f6ve is puristic and elegant: the eye-catching design and structure is due to the black natural weft yarn with square-shaped structure. The towel series is woven from a material mix of fine natural cotton and linen. The very high grammage of 560g\/sqm makes the towels handy; but at the same time light, highly absorbent and soft. All sides show a thin black closing. EDEN K\u00c4STCHENSTRUKTUR is available as hand towel and bath towel.\" \/>\n<meta property=\"og:url\" content=\"https:\/\/dev.zoeppritz.com\/en\/product\/eden-kastchenstruktur-cream-towels\" \/>\n<meta property=\"og:site_name\" content=\"zoeppritz since 1828\" \/>\n<meta property=\"article:modified_time\" content=\"2023-05-23T03:45:13+00:00\" \/>\n<meta property=\"og:image\" content=\"https:\/\/dev.zoeppritz.com\/en\/wp-content\/uploads\/sites\/2\/2018\/11\/4013165291837-00-eden-piquee-baumwolle-leinen-handtuch-saunatuch-duschtuch-80x150-moeve-grey-natur-1.jpg\" \/>\n\t<meta property=\"og:image:width\" content=\"2000\" \/>\n\t<meta property=\"og:image:height\" content=\"2000\" \/>\n\t<meta property=\"og:image:type\" content=\"image\/jpeg\" \/>\n<meta name=\"twitter:card\" content=\"summary_large_image\" \/>\n<meta name=\"twitter:label1\" content=\"Availability\" \/>\n\t<meta name=\"twitter:data1\" content=\"In stock\" \/>\n<script type=\"application\/ld+json\" class=\"yoast-schema-graph\">{\"@context\":\"https:\/\/schema.org\",\"@graph\":[{\"@type\":\"WebPage\",\"@id\":\"https:\/\/dev.zoeppritz.com\/en\/product\/eden-kastchenstruktur-cream-towels\",\"url\":\"https:\/\/dev.zoeppritz.com\/en\/product\/eden-kastchenstruktur-cream-towels\",\"name\":\"Eden K\u00e4stchenstruktur - zoeppritz since 1828\",\"isPartOf\":{\"@id\":\"https:\/\/dev.zoeppritz.com\/en\/#website\"},\"datePublished\":\"2019-04-26T11:00:55+00:00\",\"dateModified\":\"2023-05-23T03:45:13+00:00\",\"breadcrumb\":{\"@id\":\"https:\/\/dev.zoeppritz.com\/en\/product\/eden-kastchenstruktur-cream-towels#breadcrumb\"},\"inLanguage\":\"en-US\",\"potentialAction\":[{\"@type\":\"ReadAction\",\"target\":[\"https:\/\/dev.zoeppritz.com\/en\/product\/eden-kastchenstruktur-cream-towels\"]}]},{\"@type\":\"BreadcrumbList\",\"@id\":\"https:\/\/dev.zoeppritz.com\/en\/product\/eden-kastchenstruktur-cream-towels#breadcrumb\",\"itemListElement\":[{\"@type\":\"ListItem\",\"position\":1,\"name\":\"Home\",\"item\":\"https:\/\/dev.zoeppritz.com\/en\/\"},{\"@type\":\"ListItem\",\"position\":2,\"name\":\"all products\",\"item\":\"https:\/\/dev.zoeppritz.com\/en\/shop\"},{\"@type\":\"ListItem\",\"position\":3,\"name\":\"Eden K\u00e4stchenstruktur\"}]},{\"@type\":\"WebSite\",\"@id\":\"https:\/\/dev.zoeppritz.com\/en\/#website\",\"url\":\"https:\/\/dev.zoeppritz.com\/en\/\",\"name\":\"zoeppritz since 1828\",\"description\":\"zoeppritz.com\",\"potentialAction\":[{\"@type\":\"SearchAction\",\"target\":{\"@type\":\"EntryPoint\",\"urlTemplate\":\"https:\/\/dev.zoeppritz.com\/en\/?s={search_term_string}\"},\"query-input\":\"required name=search_term_string\"}],\"inLanguage\":\"en-US\"}]}<\/script>\n<meta property=\"og:availability\" content=\"instock\" \/>\n<meta property=\"product:availability\" content=\"instock\" \/>\n<meta property=\"product:retailer_item_id\" content=\"R470010 cream\" \/>\n<meta property=\"product:condition\" content=\"new\" \/>\n<!-- \/ Yoast SEO Premium plugin. -->","yoast_head_json":{"title":"Eden K\u00e4stchenstruktur - zoeppritz since 1828","robots":{"index":"index","follow":"follow","max-snippet":"max-snippet:-1","max-image-preview":"max-image-preview:large","max-video-preview":"max-video-preview:-1"},"canonical":"https:\/\/dev.zoeppritz.com\/en\/product\/eden-kastchenstruktur-cream-towels","og_locale":"en_US","og_type":"article","og_title":"Eden K\u00e4stchenstruktur","og_description":"EDEN K\u00c4STCHENSTRUKTUR by m\u00f6ve is puristic and elegant: the eye-catching design and structure is due to the black natural weft yarn with square-shaped structure. The towel series is woven from a material mix of fine natural cotton and linen. The very high grammage of 560g\/sqm makes the towels handy; but at the same time light, highly absorbent and soft. All sides show a thin black closing. EDEN K\u00c4STCHENSTRUKTUR is available as hand towel and bath towel.","og_url":"https:\/\/dev.zoeppritz.com\/en\/product\/eden-kastchenstruktur-cream-towels","og_site_name":"zoeppritz since 1828","article_modified_time":"2023-05-23T03:45:13+00:00","og_image":[{"width":2000,"height":2000,"url":"https:\/\/dev.zoeppritz.com\/en\/wp-content\/uploads\/sites\/2\/2018\/11\/4013165291837-00-eden-piquee-baumwolle-leinen-handtuch-saunatuch-duschtuch-80x150-moeve-grey-natur-1.jpg","type":"image\/jpeg"}],"twitter_card":"summary_large_image","twitter_misc":{"Availability":"In stock"},"schema":{"@context":"https:\/\/schema.org","@graph":[{"@type":"WebPage","@id":"https:\/\/dev.zoeppritz.com\/en\/product\/eden-kastchenstruktur-cream-towels","url":"https:\/\/dev.zoeppritz.com\/en\/product\/eden-kastchenstruktur-cream-towels","name":"Eden K\u00e4stchenstruktur - zoeppritz since 1828","isPartOf":{"@id":"https:\/\/dev.zoeppritz.com\/en\/#website"},"datePublished":"2019-04-26T11:00:55+00:00","dateModified":"2023-05-23T03:45:13+00:00","breadcrumb":{"@id":"https:\/\/dev.zoeppritz.com\/en\/product\/eden-kastchenstruktur-cream-towels#breadcrumb"},"inLanguage":"en-US","potentialAction":[{"@type":"ReadAction","target":["https:\/\/dev.zoeppritz.com\/en\/product\/eden-kastchenstruktur-cream-towels"]}]},{"@type":"BreadcrumbList","@id":"https:\/\/dev.zoeppritz.com\/en\/product\/eden-kastchenstruktur-cream-towels#breadcrumb","itemListElement":[{"@type":"ListItem","position":1,"name":"Home","item":"https:\/\/dev.zoeppritz.com\/en\/"},{"@type":"ListItem","position":2,"name":"all products","item":"https:\/\/dev.zoeppritz.com\/en\/shop"},{"@type":"ListItem","position":3,"name":"Eden K\u00e4stchenstruktur"}]},{"@type":"WebSite","@id":"https:\/\/dev.zoeppritz.com\/en\/#website","url":"https:\/\/dev.zoeppritz.com\/en\/","name":"zoeppritz since 1828","description":"zoeppritz.com","potentialAction":[{"@type":"SearchAction","target":{"@type":"EntryPoint","urlTemplate":"https:\/\/dev.zoeppritz.com\/en\/?s={search_term_string}"},"query-input":"required name=search_term_string"}],"inLanguage":"en-US"}]},"og_availability":"instock","product_availability":"instock","product_retailer_item_id":"R470010 cream","product_condition":"new"},"_links":{"self":[{"href":"https:\/\/dev.zoeppritz.com\/en\/wp-json\/wp\/v2\/product\/1883"}],"collection":[{"href":"https:\/\/dev.zoeppritz.com\/en\/wp-json\/wp\/v2\/product"}],"about":[{"href":"https:\/\/dev.zoeppritz.com\/en\/wp-json\/wp\/v2\/types\/product"}],"wp:featuredmedia":[{"embeddable":true,"href":"https:\/\/dev.zoeppritz.com\/en\/wp-json\/wp\/v2\/media\/3488"}],"wp:attachment":[{"href":"https:\/\/dev.zoeppritz.com\/en\/wp-json\/wp\/v2\/media?parent=1883"}],"wp:term":[{"taxonomy":"product_cat","embeddable":true,"href":"https:\/\/dev.zoeppritz.com\/en\/wp-json\/wp\/v2\/product_cat?post=1883"},{"taxonomy":"product_tag","embeddable":true,"href":"https:\/\/dev.zoeppritz.com\/en\/wp-json\/wp\/v2\/product_tag?post=1883"}],"curies":[{"name":"wp","href":"https:\/\/api.w.org\/{rel}","templated":true}]}}